{"id":257,"date":"2024-04-15T20:58:33","date_gmt":"2024-04-15T18:58:33","guid":{"rendered":"https:\/\/rodney-melloman.de\/?page_id=257"},"modified":"2024-06-02T20:56:58","modified_gmt":"2024-06-02T18:56:58","slug":"mixe","status":"publish","type":"page","link":"https:\/\/www.rodney-melloman.de\/?page_id=257","title":{"rendered":"Mixe"},"content":{"rendered":"\n<p>Hey Leute !<\/p>\n\n\n\n<p>Hier k\u00f6nnt ihr ein paar coole Mixe von mir aus meiner Zeit h\u00f6ren.<\/p>\n\n\n\n<p class=\"has-medium-font-size\"><strong>The Ultimate Trance Mix [mixed by Rodney-Melloman.de ]<\/strong><\/p>\n\n\n\n<figure class=\"wp-block-audio\"><audio controls src=\"https:\/\/www.rodney-melloman.de\/wp-content\/uploads\/The-Ultimate-Trance-Mix-mixed-by-Rodney-Melloman.de-.mp3\"><\/audio><\/figure>\n\n\n\n<p><\/p>\n\n\n\n<p class=\"has-medium-font-size\"><strong>Fr\u00fchlings Spezial 2017 &#8211; [mixed by Rodney-Melloman.de]<\/strong><\/p>\n\n\n\n<figure class=\"wp-block-audio\"><audio controls src=\"https:\/\/www.rodney-melloman.de\/wp-content\/uploads\/Fruehlings-Spezial-mixed-by-Rodney-Melloman.de_.mp3\"><\/audio><\/figure>\n\n\n\n<p><\/p>\n\n\n\n<p class=\"has-medium-font-size\"><strong>Rodney-M. goes Minimal 2017 [mixed by Rodney-Melloman.de]<\/strong><\/p>\n\n\n\n<figure class=\"wp-block-audio\"><audio controls src=\"https:\/\/www.rodney-melloman.de\/wp-content\/uploads\/Rodney-M.-goes-Minimal-www.Rodney-Melloman.de-04.08.09-.mp3\"><\/audio><\/figure>\n\n\n\n<p><\/p>\n\n\n\n<p class=\"has-medium-font-size\"><strong>1our Deadmau5 &#8211; [mixed by Rodney-Melloman.de]<\/strong><\/p>\n\n\n\n<figure class=\"wp-block-audio\"><audio controls src=\"https:\/\/www.rodney-melloman.de\/wp-content\/uploads\/1our-Deadmau5-mixed-by-Rodney-Melloman.mp3\"><\/audio><\/figure>\n\n\n\n<p><\/p>\n\n\n\n<p class=\"has-medium-font-size\"><strong>Homeset 2016-09-03 [mixed by Rodney-melloman.de]<\/strong><\/p>\n\n\n\n<figure class=\"wp-block-audio\"><audio controls src=\"https:\/\/www.rodney-melloman.de\/wp-content\/uploads\/Homeset2016-09-03_15h20m27.wav\"><\/audio><\/figure>\n","protected":false},"excerpt":{"rendered":"<p>Hey Leute ! Hier k\u00f6nnt ihr ein paar coole Mixe von mir aus meiner Zeit h\u00f6ren. The Ultimate Trance Mix [mixed by Rodney-Melloman.de ] Fr\u00fchlings Spezial 2017 &#8211; [mixed by Rodney-Melloman.de] Rodney-M. goes Minimal 2017 [mixed by Rodney-Melloman.de] 1our Deadmau5 &#8211; [mixed by Rodney-Melloman.de] Homeset 2016-09-03 [mixed by Rodney-melloman.de]<\/p>\n","protected":false},"author":1,"featured_media":0,"parent":0,"menu_order":0,"comment_status":"closed","ping_status":"closed","template":"","meta":{"footnotes":""},"class_list":["post-257","page","type-page","status-publish","hentry"],"_links":{"self":[{"href":"https:\/\/www.rodney-melloman.de\/index.php?rest_route=\/wp\/v2\/pages\/257","targetHints":{"allow":["GET"]}}],"collection":[{"href":"https:\/\/www.rodney-melloman.de\/index.php?rest_route=\/wp\/v2\/pages"}],"about":[{"href":"https:\/\/www.rodney-melloman.de\/index.php?rest_route=\/wp\/v2\/types\/page"}],"author":[{"embeddable":true,"href":"https:\/\/www.rodney-melloman.de\/index.php?rest_route=\/wp\/v2\/users\/1"}],"replies":[{"embeddable":true,"href":"https:\/\/www.rodney-melloman.de\/index.php?rest_route=%2Fwp%2Fv2%2Fcomments&post=257"}],"version-history":[{"count":9,"href":"https:\/\/www.rodney-melloman.de\/index.php?rest_route=\/wp\/v2\/pages\/257\/revisions"}],"predecessor-version":[{"id":332,"href":"https:\/\/www.rodney-melloman.de\/index.php?rest_route=\/wp\/v2\/pages\/257\/revisions\/332"}],"wp:attachment":[{"href":"https:\/\/www.rodney-melloman.de\/index.php?rest_route=%2Fwp%2Fv2%2Fmedia&parent=257"}],"curies":[{"name":"wp","href":"https:\/\/api.w.org\/{rel}","templated":true}]}}